{"id":2390,"date":"2022-01-13T13:28:27","date_gmt":"2022-01-13T13:28:27","guid":{"rendered":"https:\/\/www.microcementomallorca.com\/blog-microcemento-mallorca\/"},"modified":"2024-08-20T12:53:13","modified_gmt":"2024-08-20T12:53:13","slug":"blog-mikrozement-mallorca","status":"publish","type":"page","link":"https:\/\/www.microcementomallorca.com\/de\/blog-mikrozement-mallorca\/","title":{"rendered":"Bloggen"},"content":{"rendered":"\t\t<div data-elementor-type=\"wp-page\" data-elementor-id=\"2390\" class=\"elementor elementor-2390 elementor-1842\" data-elementor-post-type=\"page\">\n\t\t\t\t\t\t<section class=\"elementor-section elementor-top-section elementor-element elementor-element-50bd56e elementor-section-boxed elementor-section-height-default elementor-section-height-default\" data-id=\"50bd56e\" data-element_type=\"section\" data-settings=\"{&quot;background_background&quot;:&quot;classic&quot;}\">\n\t\t\t\t\t\t\t<div class=\"elementor-background-overlay\"><\/div>\n\t\t\t\t\t\t\t<div class=\"elementor-container elementor-column-gap-default\">\n\t\t\t\t\t<div class=\"elementor-column elementor-col-100 elementor-top-column elementor-element elementor-element-2b75823 mw900m0\" data-id=\"2b75823\" data-element_type=\"column\">\n\t\t\t<div class=\"elementor-widget-wrap elementor-element-populated\">\n\t\t\t\t\t\t<div class=\"elementor-element elementor-element-6b9e92b elementor-widget elementor-widget-heading\" data-id=\"6b9e92b\" data-element_type=\"widget\" data-widget_type=\"heading.default\">\n\t\t\t\t<div class=\"elementor-widget-container\">\n\t\t\t<span class=\"elementor-heading-title elementor-size-default\">DER LETZTE UNSERER<\/span>\t\t<\/div>\n\t\t\t\t<\/div>\n\t\t\t\t<div class=\"elementor-element elementor-element-7acabed elementor-widget elementor-widget-heading\" data-id=\"7acabed\" data-element_type=\"widget\" data-widget_type=\"heading.default\">\n\t\t\t\t<div class=\"elementor-widget-container\">\n\t\t\t<h2 class=\"elementor-heading-title elementor-size-default\">Mikrozement-Blog<\/h2>\t\t<\/div>\n\t\t\t\t<\/div>\n\t\t\t\t<div class=\"elementor-element elementor-element-c6b6a5f elementor-widget elementor-widget-html\" data-id=\"c6b6a5f\" data-element_type=\"widget\" data-widget_type=\"html.default\">\n\t\t\t\t<div class=\"elementor-widget-container\">\n\t\t\t<script>\/\/ When the user scrolls down 50px from the top of the document, resize the header's font size\nwindow.onscroll = function() {scrollFunction()};\n\nfunction scrollFunction() {\n  if (document.body.scrollTop > 200 || document.documentElement.scrollTop > 200) {\n    document.getElementById(\"ctaid\").style.opacity = \"1\";\n     document.getElementById(\"ctaid2\").style.opacity = \"1\";} else {\n    document.getElementById(\"ctaid\").style.opacity = \"0\";\n    document.getElementById(\"ctaid2\").style.opacity = \"0\";\n  }\n} \n\n<\/script>\n\t\t<\/div>\n\t\t\t\t<\/div>\n\t\t\t\t<div class=\"elementor-element elementor-element-6680e27 elementor-widget elementor-widget-spacer\" data-id=\"6680e27\" data-element_type=\"widget\" data-widget_type=\"spacer.default\">\n\t\t\t\t<div class=\"elementor-widget-container\">\n\t\t\t\t\t<div class=\"elementor-spacer\">\n\t\t\t<div class=\"elementor-spacer-inner\"><\/div>\n\t\t<\/div>\n\t\t\t\t<\/div>\n\t\t\t\t<\/div>\n\t\t\t\t<div class=\"elementor-element elementor-element-7cec91c elementor-grid-tablet-1 elementor-grid-1 elementor-grid-mobile-1 elementor-posts--thumbnail-top elementor-widget elementor-widget-posts\" data-id=\"7cec91c\" data-element_type=\"widget\" data-settings=\"{&quot;classic_row_gap&quot;:{&quot;unit&quot;:&quot;px&quot;,&quot;size&quot;:53,&quot;sizes&quot;:[]},&quot;classic_columns_tablet&quot;:&quot;1&quot;,&quot;classic_row_gap_tablet&quot;:{&quot;unit&quot;:&quot;px&quot;,&quot;size&quot;:37,&quot;sizes&quot;:[]},&quot;classic_columns&quot;:&quot;1&quot;,&quot;classic_columns_mobile&quot;:&quot;1&quot;,&quot;classic_row_gap_mobile&quot;:{&quot;unit&quot;:&quot;px&quot;,&quot;size&quot;:&quot;&quot;,&quot;sizes&quot;:[]}}\" data-widget_type=\"posts.classic\">\n\t\t\t\t<div class=\"elementor-widget-container\">\n\t\t\t\t\t<div class=\"elementor-posts-container elementor-posts elementor-posts--skin-classic elementor-grid\">\n\t\t\t\t<article class=\"elementor-post elementor-grid-item post-2395 post type-post status-publish format-standard has-post-thumbnail hentry category-unkategorisiert\">\n\t\t\t\t<a class=\"elementor-post__thumbnail__link\" href=\"https:\/\/www.microcementomallorca.com\/de\/badezimmer-mikrozement\/\" tabindex=\"-1\" >\n\t\t\t<div class=\"elementor-post__thumbnail\"><img fetchpriority=\"high\" decoding=\"async\" width=\"768\" height=\"512\" src=\"https:\/\/www.microcementomallorca.com\/wp-content\/uploads\/2021\/12\/bano-microcemento-lujotonos-ocres-grises-768x512.jpg\" class=\"attachment-medium_large size-medium_large wp-image-1656\" alt=\"Ger\u00e4umiges ganzes Badezimmer mit grauem Mikrozement. Mikrozementb\u00f6den, Mikrozementw\u00e4nde und Mikrozementarbeitsplatten und -sp\u00fclen. Serra de Tramuntana. Mallorca\" title=\"Luxuri\u00f6ses Badezimmer mit Mikrozementb\u00f6den und -w\u00e4nden\" srcset=\"https:\/\/www.microcementomallorca.com\/wp-content\/uploads\/2021\/12\/bano-microcemento-lujotonos-ocres-grises-768x512.jpg 768w, https:\/\/www.microcementomallorca.com\/wp-content\/uploads\/2021\/12\/bano-microcemento-lujotonos-ocres-grises-300x200.jpg 300w, https:\/\/www.microcementomallorca.com\/wp-content\/uploads\/2021\/12\/bano-microcemento-lujotonos-ocres-grises-1024x683.jpg 1024w, https:\/\/www.microcementomallorca.com\/wp-content\/uploads\/2021\/12\/bano-microcemento-lujotonos-ocres-grises-1536x1024.jpg 1536w, https:\/\/www.microcementomallorca.com\/wp-content\/uploads\/2021\/12\/bano-microcemento-lujotonos-ocres-grises.jpg 1920w\" sizes=\"(max-width: 768px) 100vw, 768px\" \/><\/div>\n\t\t<\/a>\n\t\t\t\t<div class=\"elementor-post__text\">\n\t\t\t\t<h3 class=\"elementor-post__title\">\n\t\t\t<a href=\"https:\/\/www.microcementomallorca.com\/de\/badezimmer-mikrozement\/\" >\n\t\t\t\t9 Gr\u00fcnde f\u00fcr die Renovierung Ihres Badezimmers mit Mikrozement\t\t\t<\/a>\n\t\t<\/h3>\n\t\t\t\t<div class=\"elementor-post__excerpt\">\n\t\t\t<p>Es gibt viele Gr\u00fcnde, warum Innenarchitekten, Architekten und Baufachleute zunehmend f\u00fcr Mikrozement in Badezimmern werben. Nicht nur wegen der \u00e4sthetisch ansprechenden Ergebnisse dieser Beschichtung, sondern auch wegen ihrer Verschlei\u00dffestigkeit, Langlebigkeit und vielen anderen positiven Eigenschaften.<\/p>\n\t\t<\/div>\n\t\t\n\t\t<a class=\"elementor-post__read-more\" href=\"https:\/\/www.microcementomallorca.com\/de\/badezimmer-mikrozement\/\" aria-label=\"Read more about 9 Gr\u00fcnde f\u00fcr die Renovierung Ihres Badezimmers mit Mikrozement\" tabindex=\"-1\" >\n\t\t\t+\t\t<\/a>\n\n\t\t\t\t<\/div>\n\t\t\t\t<\/article>\n\t\t\t\t<article class=\"elementor-post elementor-grid-item post-2402 post type-post status-publish format-standard has-post-thumbnail hentry category-unkategorisiert\">\n\t\t\t\t<a class=\"elementor-post__thumbnail__link\" href=\"https:\/\/www.microcementomallorca.com\/de\/kuechen-mikrozement\/\" tabindex=\"-1\" >\n\t\t\t<div class=\"elementor-post__thumbnail\"><img decoding=\"async\" width=\"768\" height=\"536\" src=\"https:\/\/www.microcementomallorca.com\/wp-content\/uploads\/2022\/01\/suelo-cocina-microcemento-gris-768x536.jpg\" class=\"attachment-medium_large size-medium_large wp-image-1692\" alt=\"Moderne und luxuri\u00f6se K\u00fcche mit Mikrozementb\u00f6den auf Mallorca.\" title=\"grauer-mikrozement-k\u00fcchenboden\" srcset=\"https:\/\/www.microcementomallorca.com\/wp-content\/uploads\/2022\/01\/suelo-cocina-microcemento-gris-768x536.jpg 768w, https:\/\/www.microcementomallorca.com\/wp-content\/uploads\/2022\/01\/suelo-cocina-microcemento-gris-300x210.jpg 300w, https:\/\/www.microcementomallorca.com\/wp-content\/uploads\/2022\/01\/suelo-cocina-microcemento-gris-1024x715.jpg 1024w, https:\/\/www.microcementomallorca.com\/wp-content\/uploads\/2022\/01\/suelo-cocina-microcemento-gris-1536x1073.jpg 1536w, https:\/\/www.microcementomallorca.com\/wp-content\/uploads\/2022\/01\/suelo-cocina-microcemento-gris.jpg 1920w\" sizes=\"(max-width: 768px) 100vw, 768px\" \/><\/div>\n\t\t<\/a>\n\t\t\t\t<div class=\"elementor-post__text\">\n\t\t\t\t<h3 class=\"elementor-post__title\">\n\t\t\t<a href=\"https:\/\/www.microcementomallorca.com\/de\/kuechen-mikrozement\/\" >\n\t\t\t\t5 Vorteile von Mikrozementk\u00fcchen\t\t\t<\/a>\n\t\t<\/h3>\n\t\t\t\t<div class=\"elementor-post__excerpt\">\n\t\t\t<p>K\u00fcchen aus Mikrozement sind gerade dabei, wegen der zahlreichen Vorteile und Oberfl\u00e4chen, die sie bieten, von immer mehr Fachleuten wie Architekten und Innenarchitekten zur Option der Wahl zu werden.<\/p>\n\t\t<\/div>\n\t\t\n\t\t<a class=\"elementor-post__read-more\" href=\"https:\/\/www.microcementomallorca.com\/de\/kuechen-mikrozement\/\" aria-label=\"Read more about 5 Vorteile von Mikrozementk\u00fcchen\" tabindex=\"-1\" >\n\t\t\t+\t\t<\/a>\n\n\t\t\t\t<\/div>\n\t\t\t\t<\/article>\n\t\t\t\t<article class=\"elementor-post elementor-grid-item post-2414 post type-post status-publish format-standard has-post-thumbnail hentry category-unkategorisiert\">\n\t\t\t\t<a class=\"elementor-post__thumbnail__link\" href=\"https:\/\/www.microcementomallorca.com\/de\/polierter-zement-mallorca\/\" tabindex=\"-1\" >\n\t\t\t<div class=\"elementor-post__thumbnail\"><img decoding=\"async\" width=\"768\" height=\"513\" src=\"https:\/\/www.microcementomallorca.com\/wp-content\/uploads\/2022\/01\/cemento-pulido-mallorca-suelo-industrial-768x513.jpg\" class=\"attachment-medium_large size-medium_large wp-image-1755\" alt=\"Bediener \u00fcbergibt die Poliermaschine auf poliertem Zement Seulo auf Mallorca\" title=\"zement-polierter-mallorca-industrieboden\" srcset=\"https:\/\/www.microcementomallorca.com\/wp-content\/uploads\/2022\/01\/cemento-pulido-mallorca-suelo-industrial-768x513.jpg 768w, https:\/\/www.microcementomallorca.com\/wp-content\/uploads\/2022\/01\/cemento-pulido-mallorca-suelo-industrial-300x200.jpg 300w, https:\/\/www.microcementomallorca.com\/wp-content\/uploads\/2022\/01\/cemento-pulido-mallorca-suelo-industrial-1024x684.jpg 1024w, https:\/\/www.microcementomallorca.com\/wp-content\/uploads\/2022\/01\/cemento-pulido-mallorca-suelo-industrial-1536x1026.jpg 1536w, https:\/\/www.microcementomallorca.com\/wp-content\/uploads\/2022\/01\/cemento-pulido-mallorca-suelo-industrial.jpg 1920w\" sizes=\"(max-width: 768px) 100vw, 768px\" \/><\/div>\n\t\t<\/a>\n\t\t\t\t<div class=\"elementor-post__text\">\n\t\t\t\t<h3 class=\"elementor-post__title\">\n\t\t\t<a href=\"https:\/\/www.microcementomallorca.com\/de\/polierter-zement-mallorca\/\" >\n\t\t\t\t7 Dinge, die Sie \u00fcber polierten Zement nicht wussten\t\t\t<\/a>\n\t\t<\/h3>\n\t\t\t\t<div class=\"elementor-post__excerpt\">\n\t\t\t<p>Wir von Microcemento Mallorca sind auf Mallorca schon seit \u00fcber 15 Jahren auf den Bereich der durchg\u00e4ngigen B\u00f6den spezialisiert. Immer wieder werden wir von unseren Kunden gebeten, polierten Zement auf die B\u00f6den ihrer neuen Renovierung aufzubringen. Sie haben das Bild eines in Innenbereichen verwendeten Bodenbelags mit industriellem Aussehen in gr\u00e4ulichen Farben und organischen Texturen vor sich.<\/p>\n\t\t<\/div>\n\t\t\n\t\t<a class=\"elementor-post__read-more\" href=\"https:\/\/www.microcementomallorca.com\/de\/polierter-zement-mallorca\/\" aria-label=\"Read more about 7 Dinge, die Sie \u00fcber polierten Zement nicht wussten\" tabindex=\"-1\" >\n\t\t\t+\t\t<\/a>\n\n\t\t\t\t<\/div>\n\t\t\t\t<\/article>\n\t\t\t\t<article class=\"elementor-post elementor-grid-item post-2420 post type-post status-publish format-standard has-post-thumbnail hentry category-unkategorisiert\">\n\t\t\t\t<a class=\"elementor-post__thumbnail__link\" href=\"https:\/\/www.microcementomallorca.com\/de\/reformas-de-diseno-con-microcemento\/\" tabindex=\"-1\" >\n\t\t\t<div class=\"elementor-post__thumbnail\"><img loading=\"lazy\" decoding=\"async\" width=\"768\" height=\"511\" src=\"https:\/\/www.microcementomallorca.com\/wp-content\/uploads\/2021\/02\/reforma-con-microcemento-768x511.jpg\" class=\"attachment-medium_large size-medium_large wp-image-49\" alt=\"Badezimmersanierung mit Mikrozement\" title=\"Badezimmersanierung mit Mikrozement\" srcset=\"https:\/\/www.microcementomallorca.com\/wp-content\/uploads\/2021\/02\/reforma-con-microcemento-768x511.jpg 768w, https:\/\/www.microcementomallorca.com\/wp-content\/uploads\/2021\/02\/reforma-con-microcemento-300x200.jpg 300w, https:\/\/www.microcementomallorca.com\/wp-content\/uploads\/2021\/02\/reforma-con-microcemento.jpg 800w\" sizes=\"(max-width: 768px) 100vw, 768px\" \/><\/div>\n\t\t<\/a>\n\t\t\t\t<div class=\"elementor-post__text\">\n\t\t\t\t<h3 class=\"elementor-post__title\">\n\t\t\t<a href=\"https:\/\/www.microcementomallorca.com\/de\/reformas-de-diseno-con-microcemento\/\" >\n\t\t\t\tGestalten Sie Reformen mit Mikrozement\t\t\t<\/a>\n\t\t<\/h3>\n\t\t\t\t<div class=\"elementor-post__excerpt\">\n\t\t\t<p>MIKROZEMENT REFORMEN Gestalten Sie Reformen mit Mikrozement Heute sprechen wir \u00fcber Reformen mit Mikrozement, dem neuesten Stand der Innenarchitektur. Wenn Sie erw\u00e4gen, Ihr Zuhause oder B\u00fcro zu renovieren, sprechen wir heute \u00fcber dieses neue Material, das sehr gute Ergebnisse liefert. Dieses Material kann aufgrund seiner gro\u00dfen Festigkeit und Haltbarkeit auf allen Arten von Oberfl\u00e4chen im Innen- und Au\u00dfenbereich verwendet werden.<\/p>\n\t\t<\/div>\n\t\t\n\t\t<a class=\"elementor-post__read-more\" href=\"https:\/\/www.microcementomallorca.com\/de\/reformas-de-diseno-con-microcemento\/\" aria-label=\"Read more about Gestalten Sie Reformen mit Mikrozement\" tabindex=\"-1\" >\n\t\t\t+\t\t<\/a>\n\n\t\t\t\t<\/div>\n\t\t\t\t<\/article>\n\t\t\t\t<\/div>\n\t\t\n\t\t\t\t<\/div>\n\t\t\t\t<\/div>\n\t\t\t\t<div class=\"elementor-element elementor-element-db58b1a elementor-widget elementor-widget-spacer\" data-id=\"db58b1a\" data-element_type=\"widget\" data-widget_type=\"spacer.default\">\n\t\t\t\t<div class=\"elementor-widget-container\">\n\t\t\t\t\t<div class=\"elementor-spacer\">\n\t\t\t<div class=\"elementor-spacer-inner\"><\/div>\n\t\t<\/div>\n\t\t\t\t<\/div>\n\t\t\t\t<\/div>\n\t\t\t\t\t<\/div>\n\t\t<\/div>\n\t\t\t\t\t<\/div>\n\t\t<\/section>\n\t\t\t\t<\/div>\n\t\t","protected":false},"excerpt":{"rendered":"<p>DER LETZTE UNSERER Mikrozement-Blog<\/p>\n","protected":false},"author":1,"featured_media":0,"parent":0,"menu_order":0,"comment_status":"closed","ping_status":"closed","template":"","meta":{"_glsr_average":0,"_glsr_ranking":0,"_glsr_reviews":0,"footnotes":""},"class_list":["post-2390","page","type-page","status-publish","hentry"],"yoast_head":"<!-- This site is optimized with the Yoast SEO plugin v23.3 - https:\/\/yoast.com\/wordpress\/plugins\/seo\/ -->\n<title>\u25b7 Mikrozement Mallorca | Mikrozement-Blog<\/title>\n<meta name=\"description\" content=\"\u2705 Wir bringen Ihnen die besten Artikel \u00fcber Mikrozement. Features, Vorteile, Trends sind einige der Themen, mit denen wir uns besch\u00e4ftigen.\" \/>\n<meta name=\"robots\" content=\"index, follow, max-snippet:-1, max-image-preview:large, max-video-preview:-1\" \/>\n<link rel=\"canonical\" href=\"https:\/\/www.microcementomallorca.com\/de\/blog-mikrozement-mallorca\/\" \/>\n<meta property=\"og:locale\" content=\"de_DE\" \/>\n<meta property=\"og:type\" content=\"article\" \/>\n<meta property=\"og:title\" content=\"\u25b7 Mikrozement Mallorca | Mikrozement-Blog\" \/>\n<meta property=\"og:description\" content=\"\u2705 Wir bringen Ihnen die besten Artikel \u00fcber Mikrozement. Features, Vorteile, Trends sind einige der Themen, mit denen wir uns besch\u00e4ftigen.\" \/>\n<meta property=\"og:url\" content=\"https:\/\/www.microcementomallorca.com\/de\/blog-mikrozement-mallorca\/\" \/>\n<meta property=\"og:site_name\" content=\"Microcemento Mallorca - Epecialista en Microcemento\" \/>\n<meta property=\"article:modified_time\" content=\"2024-08-20T12:53:13+00:00\" \/>\n<meta name=\"twitter:card\" content=\"summary_large_image\" \/>\n<meta name=\"twitter:label1\" content=\"Gesch\u00e4tzte Lesezeit\" \/>\n\t<meta name=\"twitter:data1\" content=\"3\u00a0Minuten\" \/>\n<script type=\"application\/ld+json\" class=\"yoast-schema-graph\">{\"@context\":\"https:\/\/schema.org\",\"@graph\":[{\"@type\":\"WebPage\",\"@id\":\"https:\/\/www.microcementomallorca.com\/de\/blog-mikrozement-mallorca\/\",\"url\":\"https:\/\/www.microcementomallorca.com\/de\/blog-mikrozement-mallorca\/\",\"name\":\"\u25b7 Mikrozement Mallorca | Mikrozement-Blog\",\"isPartOf\":{\"@id\":\"https:\/\/www.microcementomallorca.com\/de\/#website\"},\"datePublished\":\"2022-01-13T13:28:27+00:00\",\"dateModified\":\"2024-08-20T12:53:13+00:00\",\"description\":\"\u2705 Wir bringen Ihnen die besten Artikel \u00fcber Mikrozement. Features, Vorteile, Trends sind einige der Themen, mit denen wir uns besch\u00e4ftigen.\",\"breadcrumb\":{\"@id\":\"https:\/\/www.microcementomallorca.com\/de\/blog-mikrozement-mallorca\/#breadcrumb\"},\"inLanguage\":\"de\",\"potentialAction\":[{\"@type\":\"ReadAction\",\"target\":[\"https:\/\/www.microcementomallorca.com\/de\/blog-mikrozement-mallorca\/\"]}]},{\"@type\":\"BreadcrumbList\",\"@id\":\"https:\/\/www.microcementomallorca.com\/de\/blog-mikrozement-mallorca\/#breadcrumb\",\"itemListElement\":[{\"@type\":\"ListItem\",\"position\":1,\"name\":\"Portada\",\"item\":\"https:\/\/www.microcementomallorca.com\/de\/\"},{\"@type\":\"ListItem\",\"position\":2,\"name\":\"Bloggen\"}]},{\"@type\":\"WebSite\",\"@id\":\"https:\/\/www.microcementomallorca.com\/de\/#website\",\"url\":\"https:\/\/www.microcementomallorca.com\/de\/\",\"name\":\"Microcemento Mallorca - Epecialista en Microcemento\",\"description\":\"Microcemento\",\"publisher\":{\"@id\":\"https:\/\/www.microcementomallorca.com\/de\/#organization\"},\"potentialAction\":[{\"@type\":\"SearchAction\",\"target\":{\"@type\":\"EntryPoint\",\"urlTemplate\":\"https:\/\/www.microcementomallorca.com\/de\/?s={search_term_string}\"},\"query-input\":\"required name=search_term_string\"}],\"inLanguage\":\"de\"},{\"@type\":\"Organization\",\"@id\":\"https:\/\/www.microcementomallorca.com\/de\/#organization\",\"name\":\"Microcemento Mallorca\",\"url\":\"https:\/\/www.microcementomallorca.com\/de\/\",\"logo\":{\"@type\":\"ImageObject\",\"inLanguage\":\"de\",\"@id\":\"https:\/\/www.microcementomallorca.com\/de\/#\/schema\/logo\/image\/\",\"url\":\"https:\/\/www.microcementomallorca.com\/wp-content\/uploads\/2021\/02\/logo-microcemento-mallorca.png\",\"contentUrl\":\"https:\/\/www.microcementomallorca.com\/wp-content\/uploads\/2021\/02\/logo-microcemento-mallorca.png\",\"width\":1,\"height\":1,\"caption\":\"Microcemento Mallorca\"},\"image\":{\"@id\":\"https:\/\/www.microcementomallorca.com\/de\/#\/schema\/logo\/image\/\"}}]}<\/script>\n<!-- \/ Yoast SEO plugin. -->","yoast_head_json":{"title":"\u25b7 Mikrozement Mallorca | Mikrozement-Blog","description":"\u2705 Wir bringen Ihnen die besten Artikel \u00fcber Mikrozement. Features, Vorteile, Trends sind einige der Themen, mit denen wir uns besch\u00e4ftigen.","robots":{"index":"index","follow":"follow","max-snippet":"max-snippet:-1","max-image-preview":"max-image-preview:large","max-video-preview":"max-video-preview:-1"},"canonical":"https:\/\/www.microcementomallorca.com\/de\/blog-mikrozement-mallorca\/","og_locale":"de_DE","og_type":"article","og_title":"\u25b7 Mikrozement Mallorca | Mikrozement-Blog","og_description":"\u2705 Wir bringen Ihnen die besten Artikel \u00fcber Mikrozement. Features, Vorteile, Trends sind einige der Themen, mit denen wir uns besch\u00e4ftigen.","og_url":"https:\/\/www.microcementomallorca.com\/de\/blog-mikrozement-mallorca\/","og_site_name":"Microcemento Mallorca - Epecialista en Microcemento","article_modified_time":"2024-08-20T12:53:13+00:00","twitter_card":"summary_large_image","twitter_misc":{"Gesch\u00e4tzte Lesezeit":"3\u00a0Minuten"},"schema":{"@context":"https:\/\/schema.org","@graph":[{"@type":"WebPage","@id":"https:\/\/www.microcementomallorca.com\/de\/blog-mikrozement-mallorca\/","url":"https:\/\/www.microcementomallorca.com\/de\/blog-mikrozement-mallorca\/","name":"\u25b7 Mikrozement Mallorca | Mikrozement-Blog","isPartOf":{"@id":"https:\/\/www.microcementomallorca.com\/de\/#website"},"datePublished":"2022-01-13T13:28:27+00:00","dateModified":"2024-08-20T12:53:13+00:00","description":"\u2705 Wir bringen Ihnen die besten Artikel \u00fcber Mikrozement. Features, Vorteile, Trends sind einige der Themen, mit denen wir uns besch\u00e4ftigen.","breadcrumb":{"@id":"https:\/\/www.microcementomallorca.com\/de\/blog-mikrozement-mallorca\/#breadcrumb"},"inLanguage":"de","potentialAction":[{"@type":"ReadAction","target":["https:\/\/www.microcementomallorca.com\/de\/blog-mikrozement-mallorca\/"]}]},{"@type":"BreadcrumbList","@id":"https:\/\/www.microcementomallorca.com\/de\/blog-mikrozement-mallorca\/#breadcrumb","itemListElement":[{"@type":"ListItem","position":1,"name":"Portada","item":"https:\/\/www.microcementomallorca.com\/de\/"},{"@type":"ListItem","position":2,"name":"Bloggen"}]},{"@type":"WebSite","@id":"https:\/\/www.microcementomallorca.com\/de\/#website","url":"https:\/\/www.microcementomallorca.com\/de\/","name":"Microcemento Mallorca - Epecialista en Microcemento","description":"Microcemento","publisher":{"@id":"https:\/\/www.microcementomallorca.com\/de\/#organization"},"potentialAction":[{"@type":"SearchAction","target":{"@type":"EntryPoint","urlTemplate":"https:\/\/www.microcementomallorca.com\/de\/?s={search_term_string}"},"query-input":"required name=search_term_string"}],"inLanguage":"de"},{"@type":"Organization","@id":"https:\/\/www.microcementomallorca.com\/de\/#organization","name":"Microcemento Mallorca","url":"https:\/\/www.microcementomallorca.com\/de\/","logo":{"@type":"ImageObject","inLanguage":"de","@id":"https:\/\/www.microcementomallorca.com\/de\/#\/schema\/logo\/image\/","url":"https:\/\/www.microcementomallorca.com\/wp-content\/uploads\/2021\/02\/logo-microcemento-mallorca.png","contentUrl":"https:\/\/www.microcementomallorca.com\/wp-content\/uploads\/2021\/02\/logo-microcemento-mallorca.png","width":1,"height":1,"caption":"Microcemento Mallorca"},"image":{"@id":"https:\/\/www.microcementomallorca.com\/de\/#\/schema\/logo\/image\/"}}]}},"_links":{"self":[{"href":"https:\/\/www.microcementomallorca.com\/de\/wp-json\/wp\/v2\/pages\/2390"}],"collection":[{"href":"https:\/\/www.microcementomallorca.com\/de\/wp-json\/wp\/v2\/pages"}],"about":[{"href":"https:\/\/www.microcementomallorca.com\/de\/wp-json\/wp\/v2\/types\/page"}],"author":[{"embeddable":true,"href":"https:\/\/www.microcementomallorca.com\/de\/wp-json\/wp\/v2\/users\/1"}],"replies":[{"embeddable":true,"href":"https:\/\/www.microcementomallorca.com\/de\/wp-json\/wp\/v2\/comments?post=2390"}],"version-history":[{"count":6,"href":"https:\/\/www.microcementomallorca.com\/de\/wp-json\/wp\/v2\/pages\/2390\/revisions"}],"predecessor-version":[{"id":2629,"href":"https:\/\/www.microcementomallorca.com\/de\/wp-json\/wp\/v2\/pages\/2390\/revisions\/2629"}],"wp:attachment":[{"href":"https:\/\/www.microcementomallorca.com\/de\/wp-json\/wp\/v2\/media?parent=2390"}],"curies":[{"name":"wp","href":"https:\/\/api.w.org\/{rel}","templated":true}]}}