{"id":2477,"date":"2021-02-01T15:12:39","date_gmt":"2021-02-01T15:12:39","guid":{"rendered":"https:\/\/www.microcementomallorca.com\/politica-de-privacidad\/"},"modified":"2024-08-20T12:56:32","modified_gmt":"2024-08-20T12:56:32","slug":"datenschutzrichtlinie","status":"publish","type":"page","link":"https:\/\/www.microcementomallorca.com\/de\/datenschutzrichtlinie\/","title":{"rendered":"Datenschutzrichtlinie"},"content":{"rendered":"\t\t<div data-elementor-type=\"wp-page\" data-elementor-id=\"2477\" class=\"elementor elementor-2477 elementor-223\" data-elementor-post-type=\"page\">\n\t\t\t\t\t\t<section class=\"elementor-section elementor-top-section elementor-element elementor-element-44fc1db elementor-section-boxed elementor-section-height-default elementor-section-height-default\" data-id=\"44fc1db\" data-element_type=\"section\">\n\t\t\t\t\t\t<div class=\"elementor-container elementor-column-gap-default\">\n\t\t\t\t\t<div class=\"elementor-column elementor-col-100 elementor-top-column elementor-element elementor-element-a623f1c\" data-id=\"a623f1c\" data-element_type=\"column\">\n\t\t\t<div class=\"elementor-widget-wrap elementor-element-populated\">\n\t\t\t\t\t\t<div class=\"elementor-element elementor-element-54e0e0f elementor-widget elementor-widget-text-editor\" data-id=\"54e0e0f\" data-element_type=\"widget\" data-widget_type=\"text-editor.default\">\n\t\t\t\t<div class=\"elementor-widget-container\">\n\t\t\t\t\t\t\t<h1>DATENSCHUTZRICHTLINIE<\/h1><p><b>1. Einf\u00fchrung<\/b><\/p><p>Bei Microcemento Mallorca (im Folgenden \u201edas Unternehmen\u201c) legen wir gro\u00dfen Wert auf den Schutz der Privatsph\u00e4re der Nutzer unserer Website www.microcementomallorca.com (im Folgenden \u201edie Website\u201c). Diese Datenschutzrichtlinie erkl\u00e4rt, wie wir die personenbezogenen Daten unserer Nutzer erfassen, verwenden, teilen und sch\u00fctzen. Durch die Nutzung der Website stimmen Sie den Bedingungen dieser Datenschutzrichtlinie zu.<\/p><p><b>2. Verantwortlicher f\u00fcr die Datenverarbeitung<\/b><\/p><p>\u2022 Inhaber: Jos\u00e9 Mar\u00eda Barea Avil\u00e9s<br \/>\u2022 NIF: 43085859M<br \/>\u2022 Gesch\u00e4ftssitz: Carrer Indiot, 4. 07181 Son Ferrer, Calvi\u00e0, Illes Balears<br \/>\u2022 E-Mail: info@microcementomallorca.com<br \/>\u2022 Telefon: +34 658 973 536<\/p><p><b>3. Erfasste personenbezogene Daten<\/b><\/p><p>Wir k\u00f6nnen folgende Arten von personenbezogenen Daten erfassen:<\/p><p>\u2022 Kontaktinformationen: Name, E-Mail-Adresse, Telefonnummer.<br \/>\u2022 Browserdaten: IP-Adresse, Browsertyp, besuchte Seiten, Besuchsdauer und andere Browserdaten.<br \/>\u2022 Freiwillig bereitgestellte Daten: alle weiteren Informationen, die Sie \u00fcber Kontaktformulare, Angebote oder andere Interaktionen auf der Website bereitstellen.<\/p><p><b>4. Zweck der Datenverarbeitung<\/b><\/p><p>Die gesammelten personenbezogenen Daten werden zu folgenden Zwecken verarbeitet:<\/p><p>\u2022 Bereitstellung von Diensten: Verwaltung von Kontaktanfragen, Anfragen und Angeboten.<br \/>\u2022 Verbesserung der Benutzererfahrung: Analyse der Website-Navigation zur Verbesserung unserer Dienste.<br \/>\u2022 Kommerzielle Kommunikation: Versand von Informationen \u00fcber unsere Dienstleistungen, Werbeaktionen und Neuigkeiten, sofern wir Ihre Einwilligung haben.<\/p><p><b>5. Rechtsgrundlage f\u00fcr die Verarbeitung<\/b><\/p><p>Die Verarbeitung Ihrer Daten erfolgt auf der Grundlage von:<\/p><p>\u2022 Einwilligung des Nutzers: bei der Anmeldung zu unserem Newsletter oder bei der \u00dcbermittlung einer Anfrage \u00fcber die Website.<br \/>\u2022 Berechtigtes Interesse: zur Verbesserung unserer Dienstleistungen und der Benutzererfahrung.<\/p><p><b>6. Aufbewahrung der Daten<\/b><\/p><p>Ihre personenbezogenen Daten werden so lange aufbewahrt, wie es erforderlich ist, um die Zwecke zu erf\u00fcllen, f\u00fcr die sie erhoben wurden. Danach werden sie gesperrt aufbewahrt, um den gesetzlichen Verpflichtungen nachzukommen und sich gegen m\u00f6gliche Anspr\u00fcche zu verteidigen.<\/p><p><b>7. Rechte des Nutzers<\/b><\/p><p>Der Nutzer kann seine Rechte auf Zugang, Berichtigung, L\u00f6schung, Widerspruch, Einschr\u00e4nkung der Verarbeitung und Daten\u00fcbertragbarkeit durch eine schriftliche Anfrage an info@microcementomallorca.com oder an die oben genannte Gesch\u00e4ftsadresse aus\u00fcben.<\/p><p><b>8. Datensicherheit<\/b><\/p><p>Das Unternehmen ergreift die erforderlichen technischen und organisatorischen Sicherheitsma\u00dfnahmen, um die personenbezogenen Daten unserer Nutzer vor Verlust, unbefugtem Zugriff, Offenlegung oder Ver\u00e4nderung zu sch\u00fctzen.<\/p><p><b>9. Internationale Daten\u00fcbertragungen<\/b><\/p><p>Wir f\u00fchren keine internationalen \u00dcbermittlungen Ihrer personenbezogenen Daten an Drittl\u00e4nder au\u00dferhalb des Europ\u00e4ischen Wirtschaftsraums (EWR) durch. Sollte dies der Fall sein, werden Sie im Voraus informiert und es werden die notwendigen Ma\u00dfnahmen ergriffen, um die Sicherheit Ihrer Daten zu gew\u00e4hrleisten.<\/p><p><b>10. Verwendung von Cookies<\/b><\/p><p>Die Website verwendet Cookies, um die Benutzererfahrung zu verbessern. Sie k\u00f6nnen Ihren Browser so konfigurieren, dass er Cookies akzeptiert oder ablehnt, obwohl dies die Funktionalit\u00e4t der Website beeintr\u00e4chtigen kann. Weitere Informationen finden Sie in unserer Cookie-Richtlinie.<\/p><p><b>11. Links zu Drittanbietern<\/b><\/p><p>Die Website kann Links zu Websites Dritter enthalten. Wir sind nicht verantwortlich f\u00fcr die Datenschutzpraktiken oder den Inhalt dieser externen Websites.<\/p><p><b>12. \u00c4nderungen der Datenschutzrichtlinie<\/b><\/p><p>Wir behalten uns das Recht vor, diese Datenschutzrichtlinie jederzeit zu \u00e4ndern. \u00c4nderungen werden \u00fcber die Website mitgeteilt. Es wird empfohlen, diese Richtlinie regelm\u00e4\u00dfig zu \u00fcberpr\u00fcfen, um \u00fcber etwaige Aktualisierungen informiert zu bleiben.<\/p><p><b>13. Anwendbares Recht und Gerichtsstand<\/b><\/p><p>Diese Datenschutzrichtlinie unterliegt spanischem Recht. F\u00fcr alle Streitigkeiten, die sich aus ihrer Auslegung oder Anwendung ergeben, unterwerfen sich die Parteien den Gerichten von Palma de Mallorca und verzichten ausdr\u00fccklich auf jeden anderen Gerichtsstand, der m\u00f6glicherweise anwendbar ist.<\/p>\t\t\t\t\t\t<\/div>\n\t\t\t\t<\/div>\n\t\t\t\t\t<\/div>\n\t\t<\/div>\n\t\t\t\t\t<\/div>\n\t\t<\/section>\n\t\t\t\t<\/div>\n\t\t","protected":false},"excerpt":{"rendered":"<p>DATENSCHUTZRICHTLINIE 1. Einf\u00fchrung Bei Microcemento Mallorca (im Folgenden \u201edas Unternehmen\u201c) legen wir gro\u00dfen Wert auf den Schutz der Privatsph\u00e4re der Nutzer unserer Website www.microcementomallorca.com (im Folgenden \u201edie Website\u201c). Diese Datenschutzrichtlinie erkl\u00e4rt, wie wir die personenbezogenen Daten unserer Nutzer erfassen, verwenden, teilen und sch\u00fctzen. Durch die Nutzung der Website stimmen Sie den Bedingungen dieser Datenschutzrichtlinie zu. [&hellip;]<\/p>\n","protected":false},"author":1,"featured_media":0,"parent":0,"menu_order":0,"comment_status":"closed","ping_status":"closed","template":"","meta":{"_glsr_average":0,"_glsr_ranking":0,"_glsr_reviews":0,"footnotes":""},"class_list":["post-2477","page","type-page","status-publish","hentry"],"yoast_head":"<!-- This site is optimized with the Yoast SEO plugin v23.3 - https:\/\/yoast.com\/wordpress\/plugins\/seo\/ -->\n<title>Datenschutzrichtlinie - Microcemento Mallorca - Epecialista en Microcemento<\/title>\n<meta name=\"robots\" content=\"index, follow, max-snippet:-1, max-image-preview:large, max-video-preview:-1\" \/>\n<link rel=\"canonical\" href=\"https:\/\/www.microcementomallorca.com\/de\/datenschutzrichtlinie\/\" \/>\n<meta property=\"og:locale\" content=\"de_DE\" \/>\n<meta property=\"og:type\" content=\"article\" \/>\n<meta property=\"og:title\" content=\"Datenschutzrichtlinie - Microcemento Mallorca - Epecialista en Microcemento\" \/>\n<meta property=\"og:description\" content=\"DATENSCHUTZRICHTLINIE 1. Einf\u00fchrung Bei Microcemento Mallorca (im Folgenden \u201edas Unternehmen\u201c) legen wir gro\u00dfen Wert auf den Schutz der Privatsph\u00e4re der Nutzer unserer Website www.microcementomallorca.com (im Folgenden \u201edie Website\u201c). Diese Datenschutzrichtlinie erkl\u00e4rt, wie wir die personenbezogenen Daten unserer Nutzer erfassen, verwenden, teilen und sch\u00fctzen. Durch die Nutzung der Website stimmen Sie den Bedingungen dieser Datenschutzrichtlinie zu. [&hellip;]\" \/>\n<meta property=\"og:url\" content=\"https:\/\/www.microcementomallorca.com\/de\/datenschutzrichtlinie\/\" \/>\n<meta property=\"og:site_name\" content=\"Microcemento Mallorca - Epecialista en Microcemento\" \/>\n<meta property=\"article:modified_time\" content=\"2024-08-20T12:56:32+00:00\" \/>\n<meta name=\"twitter:card\" content=\"summary_large_image\" \/>\n<meta name=\"twitter:label1\" content=\"Gesch\u00e4tzte Lesezeit\" \/>\n\t<meta name=\"twitter:data1\" content=\"3\u00a0Minuten\" \/>\n<script type=\"application\/ld+json\" class=\"yoast-schema-graph\">{\"@context\":\"https:\/\/schema.org\",\"@graph\":[{\"@type\":\"WebPage\",\"@id\":\"https:\/\/www.microcementomallorca.com\/de\/datenschutzrichtlinie\/\",\"url\":\"https:\/\/www.microcementomallorca.com\/de\/datenschutzrichtlinie\/\",\"name\":\"Datenschutzrichtlinie - Microcemento Mallorca - Epecialista en Microcemento\",\"isPartOf\":{\"@id\":\"https:\/\/www.microcementomallorca.com\/de\/#website\"},\"datePublished\":\"2021-02-01T15:12:39+00:00\",\"dateModified\":\"2024-08-20T12:56:32+00:00\",\"breadcrumb\":{\"@id\":\"https:\/\/www.microcementomallorca.com\/de\/datenschutzrichtlinie\/#breadcrumb\"},\"inLanguage\":\"de\",\"potentialAction\":[{\"@type\":\"ReadAction\",\"target\":[\"https:\/\/www.microcementomallorca.com\/de\/datenschutzrichtlinie\/\"]}]},{\"@type\":\"BreadcrumbList\",\"@id\":\"https:\/\/www.microcementomallorca.com\/de\/datenschutzrichtlinie\/#breadcrumb\",\"itemListElement\":[{\"@type\":\"ListItem\",\"position\":1,\"name\":\"Portada\",\"item\":\"https:\/\/www.microcementomallorca.com\/de\/\"},{\"@type\":\"ListItem\",\"position\":2,\"name\":\"Datenschutzrichtlinie\"}]},{\"@type\":\"WebSite\",\"@id\":\"https:\/\/www.microcementomallorca.com\/de\/#website\",\"url\":\"https:\/\/www.microcementomallorca.com\/de\/\",\"name\":\"Microcemento Mallorca - Epecialista en Microcemento\",\"description\":\"Microcemento\",\"publisher\":{\"@id\":\"https:\/\/www.microcementomallorca.com\/de\/#organization\"},\"potentialAction\":[{\"@type\":\"SearchAction\",\"target\":{\"@type\":\"EntryPoint\",\"urlTemplate\":\"https:\/\/www.microcementomallorca.com\/de\/?s={search_term_string}\"},\"query-input\":\"required name=search_term_string\"}],\"inLanguage\":\"de\"},{\"@type\":\"Organization\",\"@id\":\"https:\/\/www.microcementomallorca.com\/de\/#organization\",\"name\":\"Microcemento Mallorca\",\"url\":\"https:\/\/www.microcementomallorca.com\/de\/\",\"logo\":{\"@type\":\"ImageObject\",\"inLanguage\":\"de\",\"@id\":\"https:\/\/www.microcementomallorca.com\/de\/#\/schema\/logo\/image\/\",\"url\":\"https:\/\/www.microcementomallorca.com\/wp-content\/uploads\/2021\/02\/logo-microcemento-mallorca.png\",\"contentUrl\":\"https:\/\/www.microcementomallorca.com\/wp-content\/uploads\/2021\/02\/logo-microcemento-mallorca.png\",\"width\":1,\"height\":1,\"caption\":\"Microcemento Mallorca\"},\"image\":{\"@id\":\"https:\/\/www.microcementomallorca.com\/de\/#\/schema\/logo\/image\/\"}}]}<\/script>\n<!-- \/ Yoast SEO plugin. -->","yoast_head_json":{"title":"Datenschutzrichtlinie - Microcemento Mallorca - Epecialista en Microcemento","robots":{"index":"index","follow":"follow","max-snippet":"max-snippet:-1","max-image-preview":"max-image-preview:large","max-video-preview":"max-video-preview:-1"},"canonical":"https:\/\/www.microcementomallorca.com\/de\/datenschutzrichtlinie\/","og_locale":"de_DE","og_type":"article","og_title":"Datenschutzrichtlinie - Microcemento Mallorca - Epecialista en Microcemento","og_description":"DATENSCHUTZRICHTLINIE 1. Einf\u00fchrung Bei Microcemento Mallorca (im Folgenden \u201edas Unternehmen\u201c) legen wir gro\u00dfen Wert auf den Schutz der Privatsph\u00e4re der Nutzer unserer Website www.microcementomallorca.com (im Folgenden \u201edie Website\u201c). Diese Datenschutzrichtlinie erkl\u00e4rt, wie wir die personenbezogenen Daten unserer Nutzer erfassen, verwenden, teilen und sch\u00fctzen. Durch die Nutzung der Website stimmen Sie den Bedingungen dieser Datenschutzrichtlinie zu. [&hellip;]","og_url":"https:\/\/www.microcementomallorca.com\/de\/datenschutzrichtlinie\/","og_site_name":"Microcemento Mallorca - Epecialista en Microcemento","article_modified_time":"2024-08-20T12:56:32+00:00","twitter_card":"summary_large_image","twitter_misc":{"Gesch\u00e4tzte Lesezeit":"3\u00a0Minuten"},"schema":{"@context":"https:\/\/schema.org","@graph":[{"@type":"WebPage","@id":"https:\/\/www.microcementomallorca.com\/de\/datenschutzrichtlinie\/","url":"https:\/\/www.microcementomallorca.com\/de\/datenschutzrichtlinie\/","name":"Datenschutzrichtlinie - Microcemento Mallorca - Epecialista en Microcemento","isPartOf":{"@id":"https:\/\/www.microcementomallorca.com\/de\/#website"},"datePublished":"2021-02-01T15:12:39+00:00","dateModified":"2024-08-20T12:56:32+00:00","breadcrumb":{"@id":"https:\/\/www.microcementomallorca.com\/de\/datenschutzrichtlinie\/#breadcrumb"},"inLanguage":"de","potentialAction":[{"@type":"ReadAction","target":["https:\/\/www.microcementomallorca.com\/de\/datenschutzrichtlinie\/"]}]},{"@type":"BreadcrumbList","@id":"https:\/\/www.microcementomallorca.com\/de\/datenschutzrichtlinie\/#breadcrumb","itemListElement":[{"@type":"ListItem","position":1,"name":"Portada","item":"https:\/\/www.microcementomallorca.com\/de\/"},{"@type":"ListItem","position":2,"name":"Datenschutzrichtlinie"}]},{"@type":"WebSite","@id":"https:\/\/www.microcementomallorca.com\/de\/#website","url":"https:\/\/www.microcementomallorca.com\/de\/","name":"Microcemento Mallorca - Epecialista en Microcemento","description":"Microcemento","publisher":{"@id":"https:\/\/www.microcementomallorca.com\/de\/#organization"},"potentialAction":[{"@type":"SearchAction","target":{"@type":"EntryPoint","urlTemplate":"https:\/\/www.microcementomallorca.com\/de\/?s={search_term_string}"},"query-input":"required name=search_term_string"}],"inLanguage":"de"},{"@type":"Organization","@id":"https:\/\/www.microcementomallorca.com\/de\/#organization","name":"Microcemento Mallorca","url":"https:\/\/www.microcementomallorca.com\/de\/","logo":{"@type":"ImageObject","inLanguage":"de","@id":"https:\/\/www.microcementomallorca.com\/de\/#\/schema\/logo\/image\/","url":"https:\/\/www.microcementomallorca.com\/wp-content\/uploads\/2021\/02\/logo-microcemento-mallorca.png","contentUrl":"https:\/\/www.microcementomallorca.com\/wp-content\/uploads\/2021\/02\/logo-microcemento-mallorca.png","width":1,"height":1,"caption":"Microcemento Mallorca"},"image":{"@id":"https:\/\/www.microcementomallorca.com\/de\/#\/schema\/logo\/image\/"}}]}},"_links":{"self":[{"href":"https:\/\/www.microcementomallorca.com\/de\/wp-json\/wp\/v2\/pages\/2477"}],"collection":[{"href":"https:\/\/www.microcementomallorca.com\/de\/wp-json\/wp\/v2\/pages"}],"about":[{"href":"https:\/\/www.microcementomallorca.com\/de\/wp-json\/wp\/v2\/types\/page"}],"author":[{"embeddable":true,"href":"https:\/\/www.microcementomallorca.com\/de\/wp-json\/wp\/v2\/users\/1"}],"replies":[{"embeddable":true,"href":"https:\/\/www.microcementomallorca.com\/de\/wp-json\/wp\/v2\/comments?post=2477"}],"version-history":[{"count":6,"href":"https:\/\/www.microcementomallorca.com\/de\/wp-json\/wp\/v2\/pages\/2477\/revisions"}],"predecessor-version":[{"id":2638,"href":"https:\/\/www.microcementomallorca.com\/de\/wp-json\/wp\/v2\/pages\/2477\/revisions\/2638"}],"wp:attachment":[{"href":"https:\/\/www.microcementomallorca.com\/de\/wp-json\/wp\/v2\/media?parent=2477"}],"curies":[{"name":"wp","href":"https:\/\/api.w.org\/{rel}","templated":true}]}}