{"id":2502,"date":"2021-02-01T15:03:58","date_gmt":"2021-02-01T15:03:58","guid":{"rendered":"https:\/\/www.microcementomallorca.com\/aviso-legal\/"},"modified":"2024-08-20T13:00:08","modified_gmt":"2024-08-20T13:00:08","slug":"rechtlicher-hinweis","status":"publish","type":"page","link":"https:\/\/www.microcementomallorca.com\/de\/rechtlicher-hinweis\/","title":{"rendered":"Rechtlicher Hinweis"},"content":{"rendered":"\t\t<div data-elementor-type=\"wp-page\" data-elementor-id=\"2502\" class=\"elementor elementor-2502 elementor-218\" data-elementor-post-type=\"page\">\n\t\t\t\t\t\t<section class=\"elementor-section elementor-top-section elementor-element elementor-element-c68b21e elementor-section-boxed elementor-section-height-default elementor-section-height-default\" data-id=\"c68b21e\" data-element_type=\"section\">\n\t\t\t\t\t\t<div class=\"elementor-container elementor-column-gap-default\">\n\t\t\t\t\t<div class=\"elementor-column elementor-col-100 elementor-top-column elementor-element elementor-element-42f7883\" data-id=\"42f7883\" data-element_type=\"column\">\n\t\t\t<div class=\"elementor-widget-wrap elementor-element-populated\">\n\t\t\t\t\t\t<div class=\"elementor-element elementor-element-8c003ea elementor-widget elementor-widget-text-editor\" data-id=\"8c003ea\" data-element_type=\"widget\" data-widget_type=\"text-editor.default\">\n\t\t\t\t<div class=\"elementor-widget-container\">\n\t\t\t\t\t\t\t<h1>RECHTLICHER HINWEIS<\/h1><p>Dieser Abschnitt enth\u00e4lt Informationen zu den allgemeinen Zugangs- und Nutzungsbedingungen der Website www.microcementomallorca.com, die dem Benutzer bekannt sein m\u00fcssen, gem\u00e4\u00df den Bestimmungen des spanischen Gesetzes 34\/2002 vom 11. Juli \u00fcber Dienstleistungen der Informationsgesellschaft und elektronischen Handel (LSSI-CE).<\/p><p><b>1. Informationen zum Website-Inhaber<\/b><\/p><p>\u2022 Inhaber: Jos\u00e9 Mar\u00eda Barea Avil\u00e9s<br \/>\u2022 NIF: 43085859M<br \/>\u2022 Gesch\u00e4ftssitz: Carrer Indiot, 4. 07181 Son Ferrer, Calvi\u00e0, Illes Balears<br \/>\u2022 E-Mail: info@microcementomallorca.com<br \/>\u2022 Telefon: +34 658 973 536<\/p><p><b>2. Zugangs- und Nutzungsbedingungen<\/b><\/p><p>Der Zugang zur und die Nutzung der Website www.microcementomallorca.com unterliegt den folgenden Bedingungen:<\/p><p>\u2022 Kostenloser Zugang: Der Zugang zu den Inhalten der Website ist kostenlos und erfordert keine vorherige Registrierung.<br \/>\u2022 Richtigkeit der Informationen: Der Benutzer garantiert, dass die bereitgestellten Informationen wahr, vollst\u00e4ndig und aktuell sind.<br \/>\u2022 Mindestalter: Der Benutzer muss mindestens 14 Jahre alt sein, um diese Website zu nutzen.<\/p><p><b>3. Schutz personenbezogener Daten<\/b><\/p><p>Microcemento Mallorca erf\u00fcllt die geltenden Vorschriften zum Schutz personenbezogener Daten, insbesondere die Bestimmungen der Verordnung (EU) 2016\/679 des Europ\u00e4ischen Parlaments und des Rates vom 27. April 2016 (DSGVO) und des spanischen Organgesetzes 3\/2018 vom 5. Dezember zum Schutz personenbezogener Daten und zur Gew\u00e4hrleistung digitaler Rechte (LOPDGDD).<\/p><p>\u2022 Zweck der Verarbeitung: Die von Ihnen bereitgestellten personenbezogenen Daten werden zum Zweck der Verwaltung Ihrer Anfragen, Informations- oder Angebotsanfragen sowie zum Versand von kommerziellen Mitteilungen verarbeitet, sofern Sie Ihre Einwilligung gegeben haben.<br \/>\u2022 Rechte des Benutzers: Benutzer k\u00f6nnen ihre Rechte auf Zugang, Berichtigung, L\u00f6schung, Einschr\u00e4nkung der Verarbeitung, Daten\u00fcbertragbarkeit und Widerspruch aus\u00fcben, indem sie eine schriftliche Anfrage an info@microcementomallorca.com oder an die oben angegebene Gesch\u00e4ftsadresse senden.<br \/>\u2022 Internationale Daten\u00fcbermittlungen: Es werden keine internationalen \u00dcbermittlungen von Daten au\u00dferhalb des Europ\u00e4ischen Wirtschaftsraums (EWR) durchgef\u00fchrt. Sollte sich dies \u00e4ndern, wird der Benutzer entsprechend informiert und die notwendigen Sicherheitsma\u00dfnahmen werden gew\u00e4hrleistet.<br \/>\u2022 Datenspeicherung: Personenbezogene Daten werden so lange aufbewahrt, wie es erforderlich ist, um die Zwecke zu erf\u00fcllen, f\u00fcr die sie erhoben wurden, und danach, solange sich aus der Verarbeitung der Daten eine gesetzliche Haftung ergeben kann.<\/p><p><b>4. Verwendung von Cookies<\/b><\/p><p>Die Website www.microcementomallorca.com verwendet Cookies, um die Benutzererfahrung zu verbessern. Der Benutzer kann seinen Browser so konfigurieren, dass er Cookies akzeptiert oder ablehnt. Weitere Informationen finden Sie in unserer Cookie-Richtlinie.<\/p><p><b>5. Geistiges und gewerbliches Eigentum<\/b><\/p><p>Alle Inhalte der Website, einschlie\u00dflich, aber nicht beschr\u00e4nkt auf Texte, Bilder, Grafiken und Designs, sind Eigentum von Microcemento Mallorca oder seiner Inhaltsanbieter und durch Gesetze zum geistigen und gewerblichen Eigentum gesch\u00fctzt. Die Vervielf\u00e4ltigung, Verbreitung oder \u00c4nderung der Inhalte ohne vorherige schriftliche Zustimmung von Microcemento Mallorca ist untersagt.<\/p><p><b>6. Haftungsausschluss<\/b><\/p><p>Microcemento Mallorca garantiert nicht die kontinuierliche Verf\u00fcgbarkeit oder ordnungsgem\u00e4\u00dfe Funktion der Website und ihrer Inhalte und haftet nicht f\u00fcr Sch\u00e4den, die sich aus dem Zugriff auf oder der Nutzung dieser Website ergeben.<\/p><p><b>7. Links zu Websites Dritter<\/b><\/p><p>Die Website kann Links zu Websites Dritter enthalten, \u00fcber die Microcemento Mallorca keine Kontrolle hat. Microcemento Mallorca \u00fcbernimmt keine Verantwortung f\u00fcr die Inhalte, Datenschutzrichtlinien oder Praktiken dieser externen Websites.<\/p><p><b>8. Anwendbares Recht und Gerichtsstand<\/b><\/p><p>Diese allgemeinen Bedingungen unterliegen dem spanischen Recht. F\u00fcr alle Streitigkeiten, die sich aus dem Zugang zu oder der Nutzung der Website ergeben, unterwerfen sich die Parteien der Gerichtsbarkeit der Gerichte von Palma de Mallorca (Spanien).<\/p>\t\t\t\t\t\t<\/div>\n\t\t\t\t<\/div>\n\t\t\t\t\t<\/div>\n\t\t<\/div>\n\t\t\t\t\t<\/div>\n\t\t<\/section>\n\t\t\t\t<\/div>\n\t\t","protected":false},"excerpt":{"rendered":"<p>RECHTLICHER HINWEIS Dieser Abschnitt enth\u00e4lt Informationen zu den allgemeinen Zugangs- und Nutzungsbedingungen der Website www.microcementomallorca.com, die dem Benutzer bekannt sein m\u00fcssen, gem\u00e4\u00df den Bestimmungen des spanischen Gesetzes 34\/2002 vom 11. Juli \u00fcber Dienstleistungen der Informationsgesellschaft und elektronischen Handel (LSSI-CE). 1. Informationen zum Website-Inhaber \u2022 Inhaber: Jos\u00e9 Mar\u00eda Barea Avil\u00e9s\u2022 NIF: 43085859M\u2022 Gesch\u00e4ftssitz: Carrer Indiot, 4. [&hellip;]<\/p>\n","protected":false},"author":1,"featured_media":0,"parent":0,"menu_order":0,"comment_status":"closed","ping_status":"closed","template":"","meta":{"_glsr_average":0,"_glsr_ranking":0,"_glsr_reviews":0,"footnotes":""},"class_list":["post-2502","page","type-page","status-publish","hentry"],"yoast_head":"<!-- This site is optimized with the Yoast SEO plugin v23.3 - https:\/\/yoast.com\/wordpress\/plugins\/seo\/ -->\n<title>Rechtlicher Hinweis - Microcemento Mallorca - Epecialista en Microcemento<\/title>\n<meta name=\"robots\" content=\"index, follow, max-snippet:-1, max-image-preview:large, max-video-preview:-1\" \/>\n<link rel=\"canonical\" href=\"https:\/\/www.microcementomallorca.com\/de\/rechtlicher-hinweis\/\" \/>\n<meta property=\"og:locale\" content=\"de_DE\" \/>\n<meta property=\"og:type\" content=\"article\" \/>\n<meta property=\"og:title\" content=\"Rechtlicher Hinweis - Microcemento Mallorca - Epecialista en Microcemento\" \/>\n<meta property=\"og:description\" content=\"RECHTLICHER HINWEIS Dieser Abschnitt enth\u00e4lt Informationen zu den allgemeinen Zugangs- und Nutzungsbedingungen der Website www.microcementomallorca.com, die dem Benutzer bekannt sein m\u00fcssen, gem\u00e4\u00df den Bestimmungen des spanischen Gesetzes 34\/2002 vom 11. Juli \u00fcber Dienstleistungen der Informationsgesellschaft und elektronischen Handel (LSSI-CE). 1. Informationen zum Website-Inhaber \u2022 Inhaber: Jos\u00e9 Mar\u00eda Barea Avil\u00e9s\u2022 NIF: 43085859M\u2022 Gesch\u00e4ftssitz: Carrer Indiot, 4. [&hellip;]\" \/>\n<meta property=\"og:url\" content=\"https:\/\/www.microcementomallorca.com\/de\/rechtlicher-hinweis\/\" \/>\n<meta property=\"og:site_name\" content=\"Microcemento Mallorca - Epecialista en Microcemento\" \/>\n<meta property=\"article:modified_time\" content=\"2024-08-20T13:00:08+00:00\" \/>\n<meta name=\"twitter:card\" content=\"summary_large_image\" \/>\n<meta name=\"twitter:label1\" content=\"Gesch\u00e4tzte Lesezeit\" \/>\n\t<meta name=\"twitter:data1\" content=\"3\u00a0Minuten\" \/>\n<script type=\"application\/ld+json\" class=\"yoast-schema-graph\">{\"@context\":\"https:\/\/schema.org\",\"@graph\":[{\"@type\":\"WebPage\",\"@id\":\"https:\/\/www.microcementomallorca.com\/de\/rechtlicher-hinweis\/\",\"url\":\"https:\/\/www.microcementomallorca.com\/de\/rechtlicher-hinweis\/\",\"name\":\"Rechtlicher Hinweis - Microcemento Mallorca - Epecialista en Microcemento\",\"isPartOf\":{\"@id\":\"https:\/\/www.microcementomallorca.com\/de\/#website\"},\"datePublished\":\"2021-02-01T15:03:58+00:00\",\"dateModified\":\"2024-08-20T13:00:08+00:00\",\"breadcrumb\":{\"@id\":\"https:\/\/www.microcementomallorca.com\/de\/rechtlicher-hinweis\/#breadcrumb\"},\"inLanguage\":\"de\",\"potentialAction\":[{\"@type\":\"ReadAction\",\"target\":[\"https:\/\/www.microcementomallorca.com\/de\/rechtlicher-hinweis\/\"]}]},{\"@type\":\"BreadcrumbList\",\"@id\":\"https:\/\/www.microcementomallorca.com\/de\/rechtlicher-hinweis\/#breadcrumb\",\"itemListElement\":[{\"@type\":\"ListItem\",\"position\":1,\"name\":\"Portada\",\"item\":\"https:\/\/www.microcementomallorca.com\/de\/\"},{\"@type\":\"ListItem\",\"position\":2,\"name\":\"Rechtlicher Hinweis\"}]},{\"@type\":\"WebSite\",\"@id\":\"https:\/\/www.microcementomallorca.com\/de\/#website\",\"url\":\"https:\/\/www.microcementomallorca.com\/de\/\",\"name\":\"Microcemento Mallorca - Epecialista en Microcemento\",\"description\":\"Microcemento\",\"publisher\":{\"@id\":\"https:\/\/www.microcementomallorca.com\/de\/#organization\"},\"potentialAction\":[{\"@type\":\"SearchAction\",\"target\":{\"@type\":\"EntryPoint\",\"urlTemplate\":\"https:\/\/www.microcementomallorca.com\/de\/?s={search_term_string}\"},\"query-input\":\"required name=search_term_string\"}],\"inLanguage\":\"de\"},{\"@type\":\"Organization\",\"@id\":\"https:\/\/www.microcementomallorca.com\/de\/#organization\",\"name\":\"Microcemento Mallorca\",\"url\":\"https:\/\/www.microcementomallorca.com\/de\/\",\"logo\":{\"@type\":\"ImageObject\",\"inLanguage\":\"de\",\"@id\":\"https:\/\/www.microcementomallorca.com\/de\/#\/schema\/logo\/image\/\",\"url\":\"https:\/\/www.microcementomallorca.com\/wp-content\/uploads\/2021\/02\/logo-microcemento-mallorca.png\",\"contentUrl\":\"https:\/\/www.microcementomallorca.com\/wp-content\/uploads\/2021\/02\/logo-microcemento-mallorca.png\",\"width\":1,\"height\":1,\"caption\":\"Microcemento Mallorca\"},\"image\":{\"@id\":\"https:\/\/www.microcementomallorca.com\/de\/#\/schema\/logo\/image\/\"}}]}<\/script>\n<!-- \/ Yoast SEO plugin. -->","yoast_head_json":{"title":"Rechtlicher Hinweis - Microcemento Mallorca - Epecialista en Microcemento","robots":{"index":"index","follow":"follow","max-snippet":"max-snippet:-1","max-image-preview":"max-image-preview:large","max-video-preview":"max-video-preview:-1"},"canonical":"https:\/\/www.microcementomallorca.com\/de\/rechtlicher-hinweis\/","og_locale":"de_DE","og_type":"article","og_title":"Rechtlicher Hinweis - Microcemento Mallorca - Epecialista en Microcemento","og_description":"RECHTLICHER HINWEIS Dieser Abschnitt enth\u00e4lt Informationen zu den allgemeinen Zugangs- und Nutzungsbedingungen der Website www.microcementomallorca.com, die dem Benutzer bekannt sein m\u00fcssen, gem\u00e4\u00df den Bestimmungen des spanischen Gesetzes 34\/2002 vom 11. Juli \u00fcber Dienstleistungen der Informationsgesellschaft und elektronischen Handel (LSSI-CE). 1. Informationen zum Website-Inhaber \u2022 Inhaber: Jos\u00e9 Mar\u00eda Barea Avil\u00e9s\u2022 NIF: 43085859M\u2022 Gesch\u00e4ftssitz: Carrer Indiot, 4. [&hellip;]","og_url":"https:\/\/www.microcementomallorca.com\/de\/rechtlicher-hinweis\/","og_site_name":"Microcemento Mallorca - Epecialista en Microcemento","article_modified_time":"2024-08-20T13:00:08+00:00","twitter_card":"summary_large_image","twitter_misc":{"Gesch\u00e4tzte Lesezeit":"3\u00a0Minuten"},"schema":{"@context":"https:\/\/schema.org","@graph":[{"@type":"WebPage","@id":"https:\/\/www.microcementomallorca.com\/de\/rechtlicher-hinweis\/","url":"https:\/\/www.microcementomallorca.com\/de\/rechtlicher-hinweis\/","name":"Rechtlicher Hinweis - Microcemento Mallorca - Epecialista en Microcemento","isPartOf":{"@id":"https:\/\/www.microcementomallorca.com\/de\/#website"},"datePublished":"2021-02-01T15:03:58+00:00","dateModified":"2024-08-20T13:00:08+00:00","breadcrumb":{"@id":"https:\/\/www.microcementomallorca.com\/de\/rechtlicher-hinweis\/#breadcrumb"},"inLanguage":"de","potentialAction":[{"@type":"ReadAction","target":["https:\/\/www.microcementomallorca.com\/de\/rechtlicher-hinweis\/"]}]},{"@type":"BreadcrumbList","@id":"https:\/\/www.microcementomallorca.com\/de\/rechtlicher-hinweis\/#breadcrumb","itemListElement":[{"@type":"ListItem","position":1,"name":"Portada","item":"https:\/\/www.microcementomallorca.com\/de\/"},{"@type":"ListItem","position":2,"name":"Rechtlicher Hinweis"}]},{"@type":"WebSite","@id":"https:\/\/www.microcementomallorca.com\/de\/#website","url":"https:\/\/www.microcementomallorca.com\/de\/","name":"Microcemento Mallorca - Epecialista en Microcemento","description":"Microcemento","publisher":{"@id":"https:\/\/www.microcementomallorca.com\/de\/#organization"},"potentialAction":[{"@type":"SearchAction","target":{"@type":"EntryPoint","urlTemplate":"https:\/\/www.microcementomallorca.com\/de\/?s={search_term_string}"},"query-input":"required name=search_term_string"}],"inLanguage":"de"},{"@type":"Organization","@id":"https:\/\/www.microcementomallorca.com\/de\/#organization","name":"Microcemento Mallorca","url":"https:\/\/www.microcementomallorca.com\/de\/","logo":{"@type":"ImageObject","inLanguage":"de","@id":"https:\/\/www.microcementomallorca.com\/de\/#\/schema\/logo\/image\/","url":"https:\/\/www.microcementomallorca.com\/wp-content\/uploads\/2021\/02\/logo-microcemento-mallorca.png","contentUrl":"https:\/\/www.microcementomallorca.com\/wp-content\/uploads\/2021\/02\/logo-microcemento-mallorca.png","width":1,"height":1,"caption":"Microcemento Mallorca"},"image":{"@id":"https:\/\/www.microcementomallorca.com\/de\/#\/schema\/logo\/image\/"}}]}},"_links":{"self":[{"href":"https:\/\/www.microcementomallorca.com\/de\/wp-json\/wp\/v2\/pages\/2502"}],"collection":[{"href":"https:\/\/www.microcementomallorca.com\/de\/wp-json\/wp\/v2\/pages"}],"about":[{"href":"https:\/\/www.microcementomallorca.com\/de\/wp-json\/wp\/v2\/types\/page"}],"author":[{"embeddable":true,"href":"https:\/\/www.microcementomallorca.com\/de\/wp-json\/wp\/v2\/users\/1"}],"replies":[{"embeddable":true,"href":"https:\/\/www.microcementomallorca.com\/de\/wp-json\/wp\/v2\/comments?post=2502"}],"version-history":[{"count":6,"href":"https:\/\/www.microcementomallorca.com\/de\/wp-json\/wp\/v2\/pages\/2502\/revisions"}],"predecessor-version":[{"id":2650,"href":"https:\/\/www.microcementomallorca.com\/de\/wp-json\/wp\/v2\/pages\/2502\/revisions\/2650"}],"wp:attachment":[{"href":"https:\/\/www.microcementomallorca.com\/de\/wp-json\/wp\/v2\/media?parent=2502"}],"curies":[{"name":"wp","href":"https:\/\/api.w.org\/{rel}","templated":true}]}}