{"id":2501,"date":"2021-02-01T15:03:58","date_gmt":"2021-02-01T15:03:58","guid":{"rendered":"https:\/\/www.microcementomallorca.com\/aviso-legal\/"},"modified":"2024-08-20T12:49:41","modified_gmt":"2024-08-20T12:49:41","slug":"legal-notice","status":"publish","type":"page","link":"https:\/\/www.microcementomallorca.com\/en\/legal-notice\/","title":{"rendered":"Legal Notice"},"content":{"rendered":"\t\t<div data-elementor-type=\"wp-page\" data-elementor-id=\"2501\" class=\"elementor elementor-2501 elementor-218\" data-elementor-post-type=\"page\">\n\t\t\t\t\t\t<section class=\"elementor-section elementor-top-section elementor-element elementor-element-c68b21e elementor-section-boxed elementor-section-height-default elementor-section-height-default\" data-id=\"c68b21e\" data-element_type=\"section\">\n\t\t\t\t\t\t<div class=\"elementor-container elementor-column-gap-default\">\n\t\t\t\t\t<div class=\"elementor-column elementor-col-100 elementor-top-column elementor-element elementor-element-42f7883\" data-id=\"42f7883\" data-element_type=\"column\">\n\t\t\t<div class=\"elementor-widget-wrap elementor-element-populated\">\n\t\t\t\t\t\t<div class=\"elementor-element elementor-element-8c003ea elementor-widget elementor-widget-text-editor\" data-id=\"8c003ea\" data-element_type=\"widget\" data-widget_type=\"text-editor.default\">\n\t\t\t\t<div class=\"elementor-widget-container\">\n\t\t\t\t\t\t\t<h1>LEGAL NOTICE<\/h1><p>This section includes information regarding the general conditions of access and use of the website www.microcementomallorca.com, which must be known by the user, in accordance with the provisions of Spanish Law 34\/2002, of July 11, on Services of the Information Society and Electronic Commerce (LSSI-CE).<\/p><p><b>1. Website Owner Information<\/b><\/p><p>\u2022 Owner: Jos\u00e9 Mar\u00eda Barea Avil\u00e9s<br \/>\u2022 NIF: 43085859M<br \/>\u2022 Registered Office: Carrer Indiot, 4. 07181 Son Ferrer, Calvi\u00e0, Illes Balears<br \/>\u2022 Email: info@microcementomallorca.com<br \/>\u2022 Phone: +34 658 973 536<\/p><p><b>2. Access and Use Conditions<\/b><\/p><p>Access to and use of the website www.microcementomallorca.com is subject to the following conditions:<\/p><p>\u2022 Free Access: Access to the contents of the website is free and does not require prior registration.<br \/>\u2022 Accuracy of Information: The user guarantees that the information provided is true, complete, and up-to-date.<br \/>\u2022 Minimum Age: The user must be at least 14 years old to use this website.<\/p><p><b>3. Personal Data Protection<\/b><\/p><p>Microcemento Mallorca complies with the current regulations on personal data protection, particularly with the provisions of Regulation (EU) 2016\/679 of the European Parliament and of the Council, of April 27, 2016 (GDPR), and Organic Law 3\/2018, of December 5, on Personal Data Protection and Guarantee of Digital Rights (LOPDGDD).<\/p><p>\u2022 Purpose of Processing: The personal data you provide will be processed for the purpose of managing your inquiries, requests for information or quotes, as well as sending commercial communications, provided you have given your consent.<br \/>\u2022 User Rights: Users may exercise their rights of access, rectification, deletion, restriction of processing, portability, and opposition by sending a written request to info@microcementomallorca.com or to the registered office indicated above.<br \/>\u2022 International Data Transfers: No international transfers of data outside the European Economic Area (EEA) are made. Should this change, the user will be duly informed, and the necessary security measures will be ensured.<br \/>\u2022 Data Retention: Personal data will be retained for the time necessary to fulfill the purposes for which it was collected, and subsequently, while any legal liability may arise from the processing of the data.<\/p><p><b>4. Use of Cookies<\/b><\/p><p>The website www.microcementomallorca.com uses cookies to enhance the user experience. The user can configure their browser to accept or reject cookies. For more information, please see our Cookie Policy.<\/p><p>5. Intellectual and Industrial Property<\/p><p>All content on the website, including, but not limited to, text, images, graphics, and designs, is the property of Microcemento Mallorca or its content providers and is protected by intellectual and industrial property laws. Reproduction, distribution, or modification of the content without the prior written consent of Microcemento Mallorca is prohibited.<\/p><p><b>6. Disclaimer of Liability<\/b><\/p><p>Microcemento Mallorca does not guarantee the continuous availability or proper functioning of the website and its content, and is not responsible for any damages that may arise from accessing or using this website.<\/p><p><b>7. Links to Third-Party Sites<\/b><\/p><p>The website may include links to third-party websites over which Microcemento Mallorca has no control. Microcemento Mallorca assumes no responsibility for the content, privacy policies, or practices of these external websites.<\/p><p><b>8. Governing Law and Jurisdiction<\/b><\/p><p>These general conditions are governed by Spanish law. Any dispute arising from access to or use of the website will be submitted to the jurisdiction of the courts of Palma de Mallorca (Spain).<\/p>\t\t\t\t\t\t<\/div>\n\t\t\t\t<\/div>\n\t\t\t\t\t<\/div>\n\t\t<\/div>\n\t\t\t\t\t<\/div>\n\t\t<\/section>\n\t\t\t\t<\/div>\n\t\t","protected":false},"excerpt":{"rendered":"<p>LEGAL NOTICE This section includes information regarding the general conditions of access and use of the website www.microcementomallorca.com, which must be known by the user, in accordance with the provisions of Spanish Law 34\/2002, of July 11, on Services of the Information Society and Electronic Commerce (LSSI-CE). 1. Website Owner Information \u2022 Owner: Jos\u00e9 Mar\u00eda [&hellip;]<\/p>\n","protected":false},"author":1,"featured_media":0,"parent":0,"menu_order":0,"comment_status":"closed","ping_status":"closed","template":"","meta":{"_glsr_average":0,"_glsr_ranking":0,"_glsr_reviews":0,"footnotes":""},"class_list":["post-2501","page","type-page","status-publish","hentry"],"yoast_head":"<!-- This site is optimized with the Yoast SEO plugin v23.3 - https:\/\/yoast.com\/wordpress\/plugins\/seo\/ -->\n<title>Legal Notice - Microcemento Mallorca - Epecialista en Microcemento<\/title>\n<meta name=\"robots\" content=\"index, follow, max-snippet:-1, max-image-preview:large, max-video-preview:-1\" \/>\n<link rel=\"canonical\" href=\"https:\/\/www.microcementomallorca.com\/en\/legal-notice\/\" \/>\n<meta property=\"og:locale\" content=\"en_US\" \/>\n<meta property=\"og:type\" content=\"article\" \/>\n<meta property=\"og:title\" content=\"Legal Notice - Microcemento Mallorca - Epecialista en Microcemento\" \/>\n<meta property=\"og:description\" content=\"LEGAL NOTICE This section includes information regarding the general conditions of access and use of the website www.microcementomallorca.com, which must be known by the user, in accordance with the provisions of Spanish Law 34\/2002, of July 11, on Services of the Information Society and Electronic Commerce (LSSI-CE). 1. Website Owner Information \u2022 Owner: Jos\u00e9 Mar\u00eda [&hellip;]\" \/>\n<meta property=\"og:url\" content=\"https:\/\/www.microcementomallorca.com\/en\/legal-notice\/\" \/>\n<meta property=\"og:site_name\" content=\"Microcemento Mallorca - Epecialista en Microcemento\" \/>\n<meta property=\"article:modified_time\" content=\"2024-08-20T12:49:41+00:00\" \/>\n<meta name=\"twitter:card\" content=\"summary_large_image\" \/>\n<meta name=\"twitter:label1\" content=\"Est. reading time\" \/>\n\t<meta name=\"twitter:data1\" content=\"3 minutes\" \/>\n<script type=\"application\/ld+json\" class=\"yoast-schema-graph\">{\"@context\":\"https:\/\/schema.org\",\"@graph\":[{\"@type\":\"WebPage\",\"@id\":\"https:\/\/www.microcementomallorca.com\/en\/legal-notice\/\",\"url\":\"https:\/\/www.microcementomallorca.com\/en\/legal-notice\/\",\"name\":\"Legal Notice - Microcemento Mallorca - Epecialista en Microcemento\",\"isPartOf\":{\"@id\":\"https:\/\/www.microcementomallorca.com\/en\/#website\"},\"datePublished\":\"2021-02-01T15:03:58+00:00\",\"dateModified\":\"2024-08-20T12:49:41+00:00\",\"breadcrumb\":{\"@id\":\"https:\/\/www.microcementomallorca.com\/en\/legal-notice\/#breadcrumb\"},\"inLanguage\":\"en-US\",\"potentialAction\":[{\"@type\":\"ReadAction\",\"target\":[\"https:\/\/www.microcementomallorca.com\/en\/legal-notice\/\"]}]},{\"@type\":\"BreadcrumbList\",\"@id\":\"https:\/\/www.microcementomallorca.com\/en\/legal-notice\/#breadcrumb\",\"itemListElement\":[{\"@type\":\"ListItem\",\"position\":1,\"name\":\"Portada\",\"item\":\"https:\/\/www.microcementomallorca.com\/en\/\"},{\"@type\":\"ListItem\",\"position\":2,\"name\":\"Legal Notice\"}]},{\"@type\":\"WebSite\",\"@id\":\"https:\/\/www.microcementomallorca.com\/en\/#website\",\"url\":\"https:\/\/www.microcementomallorca.com\/en\/\",\"name\":\"Microcemento Mallorca - Epecialista en Microcemento\",\"description\":\"Microcemento\",\"publisher\":{\"@id\":\"https:\/\/www.microcementomallorca.com\/en\/#organization\"},\"potentialAction\":[{\"@type\":\"SearchAction\",\"target\":{\"@type\":\"EntryPoint\",\"urlTemplate\":\"https:\/\/www.microcementomallorca.com\/en\/?s={search_term_string}\"},\"query-input\":\"required name=search_term_string\"}],\"inLanguage\":\"en-US\"},{\"@type\":\"Organization\",\"@id\":\"https:\/\/www.microcementomallorca.com\/en\/#organization\",\"name\":\"Microcemento Mallorca\",\"url\":\"https:\/\/www.microcementomallorca.com\/en\/\",\"logo\":{\"@type\":\"ImageObject\",\"inLanguage\":\"en-US\",\"@id\":\"https:\/\/www.microcementomallorca.com\/en\/#\/schema\/logo\/image\/\",\"url\":\"https:\/\/www.microcementomallorca.com\/wp-content\/uploads\/2021\/02\/logo-microcemento-mallorca.png\",\"contentUrl\":\"https:\/\/www.microcementomallorca.com\/wp-content\/uploads\/2021\/02\/logo-microcemento-mallorca.png\",\"width\":1,\"height\":1,\"caption\":\"Microcemento Mallorca\"},\"image\":{\"@id\":\"https:\/\/www.microcementomallorca.com\/en\/#\/schema\/logo\/image\/\"}}]}<\/script>\n<!-- \/ Yoast SEO plugin. -->","yoast_head_json":{"title":"Legal Notice - Microcemento Mallorca - Epecialista en Microcemento","robots":{"index":"index","follow":"follow","max-snippet":"max-snippet:-1","max-image-preview":"max-image-preview:large","max-video-preview":"max-video-preview:-1"},"canonical":"https:\/\/www.microcementomallorca.com\/en\/legal-notice\/","og_locale":"en_US","og_type":"article","og_title":"Legal Notice - Microcemento Mallorca - Epecialista en Microcemento","og_description":"LEGAL NOTICE This section includes information regarding the general conditions of access and use of the website www.microcementomallorca.com, which must be known by the user, in accordance with the provisions of Spanish Law 34\/2002, of July 11, on Services of the Information Society and Electronic Commerce (LSSI-CE). 1. Website Owner Information \u2022 Owner: Jos\u00e9 Mar\u00eda [&hellip;]","og_url":"https:\/\/www.microcementomallorca.com\/en\/legal-notice\/","og_site_name":"Microcemento Mallorca - Epecialista en Microcemento","article_modified_time":"2024-08-20T12:49:41+00:00","twitter_card":"summary_large_image","twitter_misc":{"Est. reading time":"3 minutes"},"schema":{"@context":"https:\/\/schema.org","@graph":[{"@type":"WebPage","@id":"https:\/\/www.microcementomallorca.com\/en\/legal-notice\/","url":"https:\/\/www.microcementomallorca.com\/en\/legal-notice\/","name":"Legal Notice - Microcemento Mallorca - Epecialista en Microcemento","isPartOf":{"@id":"https:\/\/www.microcementomallorca.com\/en\/#website"},"datePublished":"2021-02-01T15:03:58+00:00","dateModified":"2024-08-20T12:49:41+00:00","breadcrumb":{"@id":"https:\/\/www.microcementomallorca.com\/en\/legal-notice\/#breadcrumb"},"inLanguage":"en-US","potentialAction":[{"@type":"ReadAction","target":["https:\/\/www.microcementomallorca.com\/en\/legal-notice\/"]}]},{"@type":"BreadcrumbList","@id":"https:\/\/www.microcementomallorca.com\/en\/legal-notice\/#breadcrumb","itemListElement":[{"@type":"ListItem","position":1,"name":"Portada","item":"https:\/\/www.microcementomallorca.com\/en\/"},{"@type":"ListItem","position":2,"name":"Legal Notice"}]},{"@type":"WebSite","@id":"https:\/\/www.microcementomallorca.com\/en\/#website","url":"https:\/\/www.microcementomallorca.com\/en\/","name":"Microcemento Mallorca - Epecialista en Microcemento","description":"Microcemento","publisher":{"@id":"https:\/\/www.microcementomallorca.com\/en\/#organization"},"potentialAction":[{"@type":"SearchAction","target":{"@type":"EntryPoint","urlTemplate":"https:\/\/www.microcementomallorca.com\/en\/?s={search_term_string}"},"query-input":"required name=search_term_string"}],"inLanguage":"en-US"},{"@type":"Organization","@id":"https:\/\/www.microcementomallorca.com\/en\/#organization","name":"Microcemento Mallorca","url":"https:\/\/www.microcementomallorca.com\/en\/","logo":{"@type":"ImageObject","inLanguage":"en-US","@id":"https:\/\/www.microcementomallorca.com\/en\/#\/schema\/logo\/image\/","url":"https:\/\/www.microcementomallorca.com\/wp-content\/uploads\/2021\/02\/logo-microcemento-mallorca.png","contentUrl":"https:\/\/www.microcementomallorca.com\/wp-content\/uploads\/2021\/02\/logo-microcemento-mallorca.png","width":1,"height":1,"caption":"Microcemento Mallorca"},"image":{"@id":"https:\/\/www.microcementomallorca.com\/en\/#\/schema\/logo\/image\/"}}]}},"_links":{"self":[{"href":"https:\/\/www.microcementomallorca.com\/en\/wp-json\/wp\/v2\/pages\/2501"}],"collection":[{"href":"https:\/\/www.microcementomallorca.com\/en\/wp-json\/wp\/v2\/pages"}],"about":[{"href":"https:\/\/www.microcementomallorca.com\/en\/wp-json\/wp\/v2\/types\/page"}],"author":[{"embeddable":true,"href":"https:\/\/www.microcementomallorca.com\/en\/wp-json\/wp\/v2\/users\/1"}],"replies":[{"embeddable":true,"href":"https:\/\/www.microcementomallorca.com\/en\/wp-json\/wp\/v2\/comments?post=2501"}],"version-history":[{"count":6,"href":"https:\/\/www.microcementomallorca.com\/en\/wp-json\/wp\/v2\/pages\/2501\/revisions"}],"predecessor-version":[{"id":2618,"href":"https:\/\/www.microcementomallorca.com\/en\/wp-json\/wp\/v2\/pages\/2501\/revisions\/2618"}],"wp:attachment":[{"href":"https:\/\/www.microcementomallorca.com\/en\/wp-json\/wp\/v2\/media?parent=2501"}],"curies":[{"name":"wp","href":"https:\/\/api.w.org\/{rel}","templated":true}]}}